{"id":312,"date":"2022-03-17T16:50:16","date_gmt":"2022-03-17T15:50:16","guid":{"rendered":"https:\/\/y-consult.ch\/?page_id=312"},"modified":"2022-03-17T16:50:16","modified_gmt":"2022-03-17T15:50:16","slug":"dienstleistungen-menu","status":"publish","type":"page","link":"https:\/\/y-consult.ch\/index.php\/dienstleistungen-menu\/","title":{"rendered":"Dienstleistungen"},"content":{"rendered":"\n<div style=\"height:71px\" aria-hidden=\"true\" class=\"wp-block-spacer\"><\/div>\n\n\n\n<div class=\"wp-block-columns is-layout-flex wp-container-core-columns-is-layout-9d6595d7 wp-block-columns-is-layout-flex\">\n<div class=\"wp-block-column is-layout-flow wp-block-column-is-layout-flow\">\n<h3 class=\"wp-block-heading\">Der richtige Partner f\u00fcr Prozessoptimierung<\/h3>\n\n\n\n<p>Wir beraten Schweizer Unternehmen in der Prozessoptimierung, wobei unser Fokus insbesondere auf der Optimierung von Ein- und Verkaufsprozessen liegt. Neben der konzeptionellen Optimierung unterst\u00fctzen wir unsere Kunden auch in der Digitalisierung der Gesch\u00e4ftsprozesse.<\/p>\n\n\n\n<h3 class=\"wp-block-heading\">Wettbewerbsvorteile schaffen<\/h3>\n\n\n\n<p>Die globale Gesch\u00e4ftst\u00e4tigkeit f\u00fchrt zu einem erh\u00f6hten Innovations- und Wettbewerbsdruck. Mit einer gezielten Prozessoptimierung und der dazugeh\u00f6rigen digitalen Transformation der Gesch\u00e4ftsprozesse sind Unternehmen diesen Herausforderungen nicht nur gewachsen, sondern legen auch die Basis f\u00fcr das Erreichen von nachhaltigen Wettbewerbsvorteilen.<\/p>\n\n\n\n<p>Wir unterst\u00fctzen Sie in der Optimierung sowie Digitalisierung Ihrer Gesch\u00e4ftsprozesse und freuen uns auf Ihre <a href=\"https:\/\/y-consult.ch\/index.php\/kontakt_new\/\" data-type=\"URL\" data-id=\"https:\/\/y-consult.ch\/index.php\/kontakt_new\/\">Kontaktaufnahme.<\/a><\/p>\n<\/div>\n\n\n\n<div class=\"wp-block-column is-layout-flow wp-block-column-is-layout-flow\">\n<figure class=\"wp-block-image size-full is-style-rounded\"><img loading=\"lazy\" decoding=\"async\" width=\"683\" height=\"513\" src=\"https:\/\/y-consult.ch\/wp-content\/uploads\/2022\/03\/about-us-image.png\" alt=\"\" class=\"wp-image-268\" srcset=\"https:\/\/y-consult.ch\/wp-content\/uploads\/2022\/03\/about-us-image.png 683w, https:\/\/y-consult.ch\/wp-content\/uploads\/2022\/03\/about-us-image-300x225.png 300w, https:\/\/y-consult.ch\/wp-content\/uploads\/2022\/03\/about-us-image-600x451.png 600w\" sizes=\"auto, (max-width: 683px) 100vw, 683px\" \/><\/figure>\n<\/div>\n<\/div>\n","protected":false},"excerpt":{"rendered":"<p>Der richtige Partner f\u00fcr Prozessoptimierung Wir beraten Schweizer Unternehmen in der Prozessoptimierung, wobei unser Fokus insbesondere auf der Optimierung von Ein- und Verkaufsprozessen liegt. Neben der konzeptionellen Optimierung unterst\u00fctzen wir unsere Kunden auch in der Digitalisierung der Gesch\u00e4ftsprozesse. Wettbewerbsvorteile schaffen Die globale Gesch\u00e4ftst\u00e4tigkeit f\u00fchrt zu einem erh\u00f6hten Innovations- und Wettbewerbsdruck. Mit einer gezielten Prozessoptimierung und &hellip; <\/p>\n<p class=\"link-more\"><a href=\"https:\/\/y-consult.ch\/index.php\/dienstleistungen-menu\/\" class=\"more-link\">Continue reading<span class=\"screen-reader-text\"> &#8220;Dienstleistungen&#8221;<\/span><\/a><\/p>\n","protected":false},"author":1,"featured_media":0,"parent":0,"menu_order":0,"comment_status":"closed","ping_status":"closed","template":"","meta":{"footnotes":""},"class_list":["post-312","page","type-page","status-publish","hentry"],"_links":{"self":[{"href":"https:\/\/y-consult.ch\/index.php\/wp-json\/wp\/v2\/pages\/312","targetHints":{"allow":["GET"]}}],"collection":[{"href":"https:\/\/y-consult.ch\/index.php\/wp-json\/wp\/v2\/pages"}],"about":[{"href":"https:\/\/y-consult.ch\/index.php\/wp-json\/wp\/v2\/types\/page"}],"author":[{"embeddable":true,"href":"https:\/\/y-consult.ch\/index.php\/wp-json\/wp\/v2\/users\/1"}],"replies":[{"embeddable":true,"href":"https:\/\/y-consult.ch\/index.php\/wp-json\/wp\/v2\/comments?post=312"}],"version-history":[{"count":1,"href":"https:\/\/y-consult.ch\/index.php\/wp-json\/wp\/v2\/pages\/312\/revisions"}],"predecessor-version":[{"id":313,"href":"https:\/\/y-consult.ch\/index.php\/wp-json\/wp\/v2\/pages\/312\/revisions\/313"}],"wp:attachment":[{"href":"https:\/\/y-consult.ch\/index.php\/wp-json\/wp\/v2\/media?parent=312"}],"curies":[{"name":"wp","href":"https:\/\/api.w.org\/{rel}","templated":true}]}}